{"id":48384,"date":"2021-12-07T17:34:42","date_gmt":"2021-12-07T16:34:42","guid":{"rendered":"https:\/\/zlotystaw.pl\/kontakt\/"},"modified":"2024-12-18T17:58:36","modified_gmt":"2024-12-18T16:58:36","slug":"contact","status":"publish","type":"page","link":"https:\/\/zlotystaw.pl\/en\/contact\/","title":{"rendered":"Contact"},"content":{"rendered":"\n<div style=\"height:50px\" aria-hidden=\"true\" class=\"wp-block-spacer\"><\/div>\n\n\n\n<div class=\"wp-block-columns are-vertically-aligned-center flex-wrap flex-lg-nowrap tree-column is-layout-flex wp-container-core-columns-is-layout-9d6595d7 wp-block-columns-is-layout-flex\">\n<div class=\"wp-block-column is-vertically-aligned-center is-layout-flow wp-block-column-is-layout-flow\"><div class=\"wp-block-image\">\n<figure class=\"aligncenter size-large is-resized\"><img decoding=\"async\" src=\"https:\/\/zlotystaw.pl\/wp-content\/uploads\/2021\/12\/logo_dark.svg\" alt=\"\" class=\"wp-image-1241\" style=\"width:251px\"\/><\/figure>\n<\/div>\n\n\n<div style=\"height:10px\" aria-hidden=\"true\" class=\"wp-block-spacer\"><\/div>\n\n\n\n<p class=\"has-text-align-center\"><strong>The object operator is:<\/strong><br>Z\u0142oty Staw Sp. z o. o<br>ul. Akacjowa 23C<br>80-180 Gda\u0144sk-Borkowo<br><br>NIP: 5851494772<br>REGON: 389941965<\/p>\n<\/div>\n\n\n\n<div class=\"wp-block-column is-vertically-aligned-center is-layout-flow wp-block-column-is-layout-flow\">\n<h4 class=\"wp-block-heading has-text-align-center\" id=\"gdzie-sie-znajdujemy\">Where are we located?<\/h4>\n\n\n\n<p class=\"has-text-align-center\"><strong>Z\u0142oty Staw<\/strong><br>ul. Akacjowa 23C<br>80-180 Gda\u0144sk-Borkowo<\/p>\n\n\n\n<p class=\"has-text-align-center\"><strong>GPS coordinates<\/strong><br>18\u00b0 36\u2032 16\u2033 E longitude<br>54\u00b0 17\u2032 57\u2033 N latitude<\/p>\n\n\n\n<div class=\"wp-block-buttons is-content-justification-center is-layout-flex wp-container-core-buttons-is-layout-16018d1d wp-block-buttons-is-layout-flex\">\n<div class=\"wp-block-button has-custom-width wp-block-button__width-100 btnfix btnnobg\" id=\"miejska_popup\"><a class=\"wp-block-button__link wp-element-button\">How to reach us by public transportation?<\/a><\/div>\n<\/div>\n<\/div>\n\n\n\n<div class=\"wp-block-column is-vertically-aligned-center is-layout-flow wp-block-column-is-layout-flow\"><div class=\"wp-block-image ikomail\">\n<figure class=\"aligncenter size-large is-resized\"><img decoding=\"async\" src=\"https:\/\/zlotystaw.pl\/wp-content\/uploads\/2021\/12\/iko_mail.svg\" alt=\"\" class=\"wp-image-1227\" style=\"width:30px;height:30px\"\/><\/figure>\n<\/div>\n\n\n<p class=\"has-text-align-center iko_mail\"><a href=\"mailto:biuro@zlotystaw.pl\">biuro@zlotystaw.pl<\/a><\/p>\n\n\n<div class=\"wp-block-image ikotel\">\n<figure class=\"aligncenter size-large is-resized\"><img decoding=\"async\" src=\"https:\/\/zlotystaw.pl\/wp-content\/uploads\/2021\/12\/iko_phone.svg\" alt=\"\" class=\"wp-image-1228\" style=\"width:30px;height:30px\"\/><\/figure>\n<\/div>\n\n\n<p class=\"has-text-align-center iko_phone\"><strong>+ 48 506 210 727<\/strong><br>(Reception, Catering, Events)<\/p>\n\n\n<div class=\"wp-block-image ikotel\">\n<figure class=\"aligncenter size-large is-resized\"><img decoding=\"async\" src=\"https:\/\/zlotystaw.pl\/wp-content\/uploads\/2021\/12\/iko_phone.svg\" alt=\"\" class=\"wp-image-1228\" style=\"width:30px;height:30px\"\/><\/figure>\n<\/div>\n\n\n<p class=\"has-text-align-center iko_phone\"><strong>+ 48 506 210 727<\/strong><br>(Special events, Weddings)<\/p>\n<\/div>\n<\/div>\n","protected":false},"excerpt":{"rendered":"The object operator is:Z\u0142oty Staw Sp. z o. oul. Akacjowa 23C80-180 Gda\u0144sk-BorkowoNIP: 5851494772REGON: 389941965 Where are we located? Z\u0142oty Stawul. Akacjowa 23C80-180 Gda\u0144sk-Borkowo GPS coordinates18\u00b0 36\u2032 16\u2033 E longitude54\u00b0 17\u2032 57\u2033 N latitude biuro@zlotystaw.pl + 48 506 210 727(Reception, Catering, Events) + 48 506 210 727(Special events, Weddings)","protected":false},"author":1,"featured_media":0,"parent":0,"menu_order":0,"comment_status":"closed","ping_status":"closed","template":"page-template\/kontakt-page.php","meta":{"_acf_changed":false,"inline_featured_image":false,"_uag_custom_page_level_css":"","footnotes":""},"class_list":["post-48384","page","type-page","status-publish","hentry"],"acf":[],"uagb_featured_image_src":{"full":false,"thumbnail":false,"medium":false,"medium_large":false,"large":false,"1536x1536":false,"2048x2048":false,"gallery-thumb":false},"uagb_author_info":{"display_name":"zlotystaw","author_link":"https:\/\/zlotystaw.pl\/en\/author\/zlotystaw\/"},"uagb_comment_info":0,"uagb_excerpt":"The object operator is:Z\u0142oty Staw Sp. z o. oul. Akacjowa 23C80-180 Gda\u0144sk-BorkowoNIP: 5851494772REGON: 389941965 Where are we located? Z\u0142oty Stawul. Akacjowa 23C80-180 Gda\u0144sk-Borkowo GPS coordinates18\u00b0 36\u2032 16\u2033 E longitude54\u00b0 17\u2032 57\u2033 N latitude biuro@zlotystaw.pl + 48 506 210 727(Reception, Catering, Events) + 48 506 210 727(Special events, Weddings)","_links":{"self":[{"href":"https:\/\/zlotystaw.pl\/en\/wp-json\/wp\/v2\/pages\/48384","targetHints":{"allow":["GET"]}}],"collection":[{"href":"https:\/\/zlotystaw.pl\/en\/wp-json\/wp\/v2\/pages"}],"about":[{"href":"https:\/\/zlotystaw.pl\/en\/wp-json\/wp\/v2\/types\/page"}],"author":[{"embeddable":true,"href":"https:\/\/zlotystaw.pl\/en\/wp-json\/wp\/v2\/users\/1"}],"replies":[{"embeddable":true,"href":"https:\/\/zlotystaw.pl\/en\/wp-json\/wp\/v2\/comments?post=48384"}],"version-history":[{"count":1,"href":"https:\/\/zlotystaw.pl\/en\/wp-json\/wp\/v2\/pages\/48384\/revisions"}],"predecessor-version":[{"id":49458,"href":"https:\/\/zlotystaw.pl\/en\/wp-json\/wp\/v2\/pages\/48384\/revisions\/49458"}],"wp:attachment":[{"href":"https:\/\/zlotystaw.pl\/en\/wp-json\/wp\/v2\/media?parent=48384"}],"curies":[{"name":"wp","href":"https:\/\/api.w.org\/{rel}","templated":true}]}}