{"id":48386,"date":"2021-12-02T15:00:24","date_gmt":"2021-12-02T14:00:24","guid":{"rendered":"https:\/\/zlotystaw.pl\/hotel-gdansk\/"},"modified":"2023-01-23T10:50:54","modified_gmt":"2023-01-23T09:50:54","slug":"hotel-gdansk","status":"publish","type":"page","link":"https:\/\/zlotystaw.pl\/en\/hotel-gdansk\/","title":{"rendered":"Hotel Gda\u0144sk"},"content":{"rendered":"\n<section class=\"wp-block-group\"><div class=\"wp-block-group__inner-container is-layout-flow wp-block-group-is-layout-flow\">\n<h2 class=\"has-text-align-center wp-block-heading\" id=\"nocleg-w-gdansku\">Accommodation in Gda\u0144sk<\/h2>\n\n\n\n<p class=\"has-text-align-center title_desc\">Comfortable rooms with breakfast in a quiet area near Gda\u0144sk<\/p>\n\n\n\n<div class=\"wp-block-columns align-items-xl-center flex-wrap flex-md-nowrap is-layout-flex wp-container-core-columns-is-layout-9d6595d7 wp-block-columns-is-layout-flex\">\n<div class=\"wp-block-column is-layout-flow wp-block-column-is-layout-flow\">\n<figure class=\"wp-block-gallery has-nested-images columns-1 is-cropped slider wp-block-gallery-1 is-layout-flex wp-block-gallery-is-layout-flex\">\n<figure class=\"wp-block-image size-full\"><img decoding=\"async\" width=\"620\" height=\"576\" data-id=\"1703\" src=\"https:\/\/zlotystaw.pl\/wp-content\/uploads\/2022\/01\/nocleg-gdansk-zloty-staw.jpg\" alt=\"\" class=\"wp-image-1703\" srcset=\"https:\/\/zlotystaw.pl\/wp-content\/uploads\/2022\/01\/nocleg-gdansk-zloty-staw.jpg 620w, https:\/\/zlotystaw.pl\/wp-content\/uploads\/2022\/01\/nocleg-gdansk-zloty-staw-300x279.jpg 300w\" sizes=\"(max-width: 620px) 100vw, 620px\" \/><\/figure>\n\n\n\n<figure class=\"wp-block-image size-full\"><img decoding=\"async\" width=\"620\" height=\"576\" data-id=\"1702\" src=\"https:\/\/zlotystaw.pl\/wp-content\/uploads\/2022\/01\/pokoje-hotel-nocleg-gdansk-zloty-staw.jpg\" alt=\"\" class=\"wp-image-1702\" srcset=\"https:\/\/zlotystaw.pl\/wp-content\/uploads\/2022\/01\/pokoje-hotel-nocleg-gdansk-zloty-staw.jpg 620w, https:\/\/zlotystaw.pl\/wp-content\/uploads\/2022\/01\/pokoje-hotel-nocleg-gdansk-zloty-staw-300x279.jpg 300w\" sizes=\"(max-width: 620px) 100vw, 620px\" \/><\/figure>\n\n\n\n<figure class=\"wp-block-image size-full\"><img decoding=\"async\" width=\"620\" height=\"576\" data-id=\"1704\" src=\"https:\/\/zlotystaw.pl\/wp-content\/uploads\/2022\/01\/nocleg-gdansk-zloty-staw-.jpg\" alt=\"\" class=\"wp-image-1704\" srcset=\"https:\/\/zlotystaw.pl\/wp-content\/uploads\/2022\/01\/nocleg-gdansk-zloty-staw-.jpg 620w, https:\/\/zlotystaw.pl\/wp-content\/uploads\/2022\/01\/nocleg-gdansk-zloty-staw--300x279.jpg 300w\" sizes=\"(max-width: 620px) 100vw, 620px\" \/><\/figure>\n<\/figure>\n<\/div>\n\n\n\n<div class=\"wp-block-column is-layout-flow wp-block-column-is-layout-flow\">\n<h4 class=\"wp-block-heading\" id=\"nocleg-z-widokiem-na-gdansk\">Accommodation with a view of Gda\u0144sk<\/h4>\n\n\n\n<p>Our hotel is located less than 8 kilometers from the center of Gda\u0144sk, near the main routes leading to Tri-City and to the south of Poland. We offer spacious single, double, triple and quadruple rooms as well as air-conditioned Deluxe apartments, which can accommodate up to 36 people. In order to ensure the highest possible comfort for our guests, all rooms are located on the first floor of the building. Deluxe rooms are located in a separate part of the building and guarantee maximum privacy.<\/p>\n\n\n\n<h4 class=\"wp-block-heading\" id=\"komfort-cisza-i-pelna-wygoda\">Comfort, silence and total convenience<\/h4>\n\n\n\n<p>We offer accommodation for employees, families and couples. The rooms have modern and functional furnishings designed to meet the expectations of customers arriving with families, as well as people on business trips.<\/p>\n\n\n\n<p>Smoking is prohibited in the rooms, but we have specially designated smoking area for our guests, which is located on the sunny terrace facing the garden of our facility. Some rooms have a balcony, which is a convenience for our smoking guests.<\/p>\n\n\n\n<h4 class=\"wp-block-heading\" id=\"nocleg-ze-sniadaniem\">Accommodation with breakfast<\/h4>\n\n\n\n<p>We invite you to enjoy our delicious breakfasts. Breakfast at the Z\u0142oty Staw is a rich buffet full of a variety of flavors. Properly composed, they will give you strength and energy for the entire day.<\/p>\n<\/div>\n<\/div>\n<\/div><\/section>\n\n\n\n<div style=\"height:87px\" aria-hidden=\"true\" class=\"wp-block-spacer\"><\/div>\n\n\n\n<section class=\"wp-block-group\"><div class=\"wp-block-group__inner-container is-layout-flow wp-block-group-is-layout-flow\">\n<h2 class=\"has-text-align-center wp-block-heading\" id=\"wyposazenie-i-udogodnienia\">Equipment and facilities<\/h2>\n\n\n\n<p class=\"has-text-align-center title_desc\">Our hotel rooms have modern and functional equipment that will meet your expectations.<br>A welcome set of coffee and tea will await you.<\/p>\n\n\n\n<div class=\"wp-block-columns lista_ikon flex-wrap flex-md-nowrap is-layout-flex wp-container-core-columns-is-layout-9d6595d7 wp-block-columns-is-layout-flex\">\n<div class=\"wp-block-column is-layout-flow wp-block-column-is-layout-flow\"><div class=\"wp-block-image svg_figure\">\n<figure class=\"aligncenter size-large is-resized\"><img decoding=\"async\" src=\"https:\/\/zlotystaw.pl\/wp-content\/uploads\/2021\/12\/wifi.svg\" alt=\"\" class=\"wp-image-1106\" width=\"90\" height=\"90\"\/><\/figure>\n<\/div>\n\n\n<p class=\"has-text-align-center\">Fast WIFI internet access<\/p>\n<\/div>\n\n\n\n<div class=\"wp-block-column is-layout-flow wp-block-column-is-layout-flow\"><div class=\"wp-block-image svg_figure\">\n<figure class=\"aligncenter size-large is-resized\"><img decoding=\"async\" src=\"https:\/\/zlotystaw.pl\/wp-content\/uploads\/2021\/12\/television.svg\" alt=\"\" class=\"wp-image-1105\" width=\"90\" height=\"90\"\/><\/figure>\n<\/div>\n\n\n<p class=\"has-text-align-center\">LCD TV<\/p>\n<\/div>\n\n\n\n<div class=\"wp-block-column is-layout-flow wp-block-column-is-layout-flow\"><div class=\"wp-block-image svg_figure\">\n<figure class=\"aligncenter size-large is-resized\"><img decoding=\"async\" src=\"https:\/\/zlotystaw.pl\/wp-content\/uploads\/2021\/12\/satellite.svg\" alt=\"\" class=\"wp-image-1112\" width=\"90\" height=\"90\"\/><\/figure>\n<\/div>\n\n\n<p class=\"has-text-align-center\">Satellite television \/ Netflix<\/p>\n<\/div>\n\n\n\n<div class=\"wp-block-column is-layout-flow wp-block-column-is-layout-flow\"><div class=\"wp-block-image svg_figure\">\n<figure class=\"aligncenter size-large is-resized\"><img decoding=\"async\" src=\"https:\/\/zlotystaw.pl\/wp-content\/uploads\/2021\/12\/expresso.svg\" alt=\"\" class=\"wp-image-1102\" width=\"90\" height=\"90\"\/><\/figure>\n<\/div>\n\n\n<p class=\"has-text-align-center\">Coffee making facilities<\/p>\n<\/div>\n<\/div>\n\n\n\n<div class=\"wp-block-columns lista_ikon flex-wrap flex-md-nowrap is-layout-flex wp-container-core-columns-is-layout-9d6595d7 wp-block-columns-is-layout-flex\">\n<div class=\"wp-block-column is-layout-flow wp-block-column-is-layout-flow\"><div class=\"wp-block-image svg_figure\">\n<figure class=\"aligncenter size-large is-resized\"><img decoding=\"async\" src=\"https:\/\/zlotystaw.pl\/wp-content\/uploads\/2021\/12\/bed.svg\" alt=\"\" class=\"wp-image-1100\" width=\"90\" height=\"90\"\/><\/figure>\n<\/div>\n\n\n<p class=\"has-text-align-center\">Double bed<\/p>\n<\/div>\n\n\n\n<div class=\"wp-block-column is-layout-flow wp-block-column-is-layout-flow\"><div class=\"wp-block-image svg_figure\">\n<figure class=\"aligncenter size-large is-resized\"><img decoding=\"async\" src=\"https:\/\/zlotystaw.pl\/wp-content\/uploads\/2021\/12\/antique-balcony.svg\" alt=\"\" class=\"wp-image-1099\" width=\"90\" height=\"90\"\/><\/figure>\n<\/div>\n\n\n<p class=\"has-text-align-center\">* Balcony<\/p>\n<\/div>\n\n\n\n<div class=\"wp-block-column is-layout-flow wp-block-column-is-layout-flow\"><div class=\"wp-block-image svg_figure\">\n<figure class=\"aligncenter size-large is-resized\"><img decoding=\"async\" src=\"https:\/\/zlotystaw.pl\/wp-content\/uploads\/2021\/12\/lighter.svg\" alt=\"\" class=\"wp-image-1103\" width=\"90\" height=\"90\"\/><\/figure>\n<\/div>\n\n\n<p class=\"has-text-align-center\">Space for smoking guests<\/p>\n<\/div>\n\n\n\n<div class=\"wp-block-column is-layout-flow wp-block-column-is-layout-flow\"><div class=\"wp-block-image svg_figure\">\n<figure class=\"aligncenter size-large is-resized\"><img decoding=\"async\" src=\"https:\/\/zlotystaw.pl\/wp-content\/uploads\/2021\/12\/skincare.svg\" alt=\"\" class=\"wp-image-1104\" width=\"90\" height=\"90\"\/><\/figure>\n<\/div>\n\n\n<p class=\"has-text-align-center\">Hotel toiletries<\/p>\n<\/div>\n<\/div>\n<\/div><\/section>\n","protected":false},"excerpt":{"rendered":"Accommodation in Gda\u0144sk Comfortable rooms with breakfast in a quiet area near Gda\u0144sk Accommodation with a view of Gda\u0144sk Our hotel is located less than 8 kilometers from the center of Gda\u0144sk, near the main routes leading to Tri-City and to the south of Poland. We offer spacious single, double, triple and quadruple rooms as [&hellip;]","protected":false},"author":1,"featured_media":48905,"parent":0,"menu_order":0,"comment_status":"closed","ping_status":"closed","template":"page-template\/hotel-page.php","meta":{"_acf_changed":false,"inline_featured_image":false,"_uag_custom_page_level_css":"","footnotes":""},"class_list":["post-48386","page","type-page","status-publish","has-post-thumbnail","hentry"],"acf":[],"uagb_featured_image_src":{"full":["https:\/\/zlotystaw.pl\/wp-content\/uploads\/2023\/03\/hotel-gdansk-zlotystaw.jpg",1439,537,false],"thumbnail":["https:\/\/zlotystaw.pl\/wp-content\/uploads\/2023\/03\/hotel-gdansk-zlotystaw-290x290.jpg",290,290,true],"medium":["https:\/\/zlotystaw.pl\/wp-content\/uploads\/2023\/03\/hotel-gdansk-zlotystaw-1024x382.jpg",1024,382,true],"medium_large":["https:\/\/zlotystaw.pl\/wp-content\/uploads\/2023\/03\/hotel-gdansk-zlotystaw-768x287.jpg",640,239,true],"large":["https:\/\/zlotystaw.pl\/wp-content\/uploads\/2023\/03\/hotel-gdansk-zlotystaw-1280x478.jpg",640,239,true],"1536x1536":["https:\/\/zlotystaw.pl\/wp-content\/uploads\/2023\/03\/hotel-gdansk-zlotystaw.jpg",1439,537,false],"2048x2048":["https:\/\/zlotystaw.pl\/wp-content\/uploads\/2023\/03\/hotel-gdansk-zlotystaw.jpg",1439,537,false],"gallery-thumb":["https:\/\/zlotystaw.pl\/wp-content\/uploads\/2023\/03\/hotel-gdansk-zlotystaw-300x112.jpg",300,112,true]},"uagb_author_info":{"display_name":"zlotystaw","author_link":"https:\/\/zlotystaw.pl\/en\/author\/zlotystaw\/"},"uagb_comment_info":0,"uagb_excerpt":"Accommodation in Gda\u0144sk Comfortable rooms with breakfast in a quiet area near Gda\u0144sk Accommodation with a view of Gda\u0144sk Our hotel is located less than 8 kilometers from the center of Gda\u0144sk, near the main routes leading to Tri-City and to the south of Poland. We offer spacious single, double, triple and quadruple rooms as&hellip;","_links":{"self":[{"href":"https:\/\/zlotystaw.pl\/en\/wp-json\/wp\/v2\/pages\/48386","targetHints":{"allow":["GET"]}}],"collection":[{"href":"https:\/\/zlotystaw.pl\/en\/wp-json\/wp\/v2\/pages"}],"about":[{"href":"https:\/\/zlotystaw.pl\/en\/wp-json\/wp\/v2\/types\/page"}],"author":[{"embeddable":true,"href":"https:\/\/zlotystaw.pl\/en\/wp-json\/wp\/v2\/users\/1"}],"replies":[{"embeddable":true,"href":"https:\/\/zlotystaw.pl\/en\/wp-json\/wp\/v2\/comments?post=48386"}],"version-history":[{"count":0,"href":"https:\/\/zlotystaw.pl\/en\/wp-json\/wp\/v2\/pages\/48386\/revisions"}],"wp:featuredmedia":[{"embeddable":true,"href":"https:\/\/zlotystaw.pl\/en\/wp-json\/wp\/v2\/media\/48905"}],"wp:attachment":[{"href":"https:\/\/zlotystaw.pl\/en\/wp-json\/wp\/v2\/media?parent=48386"}],"curies":[{"name":"wp","href":"https:\/\/api.w.org\/{rel}","templated":true}]}}