{"id":48390,"date":"2022-11-18T19:04:21","date_gmt":"2022-11-18T18:04:21","guid":{"rendered":"https:\/\/zlotystaw.pl\/regulamin-hotelu\/"},"modified":"2024-12-18T18:00:09","modified_gmt":"2024-12-18T17:00:09","slug":"hotel-rules","status":"publish","type":"page","link":"https:\/\/zlotystaw.pl\/en\/hotel-rules\/","title":{"rendered":"Hotel rules"},"content":{"rendered":"\n<p class=\"has-text-align-center\"><strong>\u00a7 1<\/strong><\/p>\n\n\n\n<p>1. Administratorem obiektu hotelowego jest przedsi\u0119biorstwo Z\u0142oty Staw Sp. z o. o, ul. Akacjowa 23C 80-180 Gda\u0144sk-Borkowo, NIP: 5851494772, REGON: 389941965 zarejestrowana przez S\u0105d Rejonowy Gda\u0144sk-P\u00f3\u0142noc w Gda\u0144sku, VIII wydzia\u0142 gospodarczy krajowego rejestru s\u0105dowego, zwany dalej \u201cZ\u0142otym Stawem\u201d.<\/p>\n\n\n\n<p>2. Regulamin stanowi zasady wynaj\u0119cia pokoi i korzystania z infrastruktury hotelowej.<\/p>\n\n\n\n<p>3. Z\u0142oty Staw \u015bwiadczy us\u0142ugi noclegowe, gastronomiczne, rozrywkowe i inne, zgodnie z profilem dzia\u0142alno\u015bci.<\/p>\n\n\n\n<p>4. Opis pokoi, cennik \u015bwiadczonych us\u0142ug noclegowych oraz opis zakresu poszczeg\u00f3lnych us\u0142ug znajduje si\u0119 na oficjalnej stronie hotelu <a href=\"https:\/\/www.zlotystaw.pl\">https:\/\/www.zlotystaw.pl<\/a>&nbsp;<\/p>\n\n\n\n<p>5. Regulamin jest integraln\u0105 cz\u0119\u015bci\u0105 umowy, do kt\u00f3rej zawarcia dochodzi poprzez dokonanie rezerwacji, zap\u0142at\u0119 zadatku lub ca\u0142ej nale\u017cno\u015bci za pobyt.<\/p>\n\n\n\n<p>6. Dokonuj\u0105c w\/w czynno\u015bci Go\u015b\u0107 potwierdza, \u017ce zapozna\u0142 si\u0119 i akceptuje warunki Regulaminu.<\/p>\n\n\n\n<p>7. Regulamin jest dost\u0119pny do wgl\u0105du w recepcji Z\u0142oty Staw<\/p>\n\n\n\n<p class=\"has-text-align-center\"><strong>\u00a7 2<\/strong><\/p>\n\n\n\n<p>1. Jednostk\u0105 rozliczeniow\u0105 w przypadku \u015bwiadczenia us\u0142ug noclegowych jest doba hotelowa. Doba hotelowa rozpoczyna si\u0119 o godzinie 14:00 w dniu przyjazdu a ko\u0144czy o godzinie 11:00 w dniu wyjazdu. Z\u0142oty Staw na specjalne \u017cyczenie mo\u017ce nieodp\u0142atnie przyspieszy\u0107 lub wyd\u0142u\u017cy\u0107 dob\u0119 hotelow\u0105 (za przed\u0142u\u017cenie jest op\u0142ata 30% warto\u015bci doby i przed\u0142u\u017cenie mo\u017cliwe jest do godz. 18.00) \u2013 w miar\u0119 dost\u0119pno\u015bci pokoju. Ostatecznego potwierdzenia dokonuje pracownik recepcji na wniosek Go\u015bcia na dzie\u0144 przed przyjazdem (przyspieszenie doby) lub w dniu wyjazdu (wyd\u0142u\u017cenie doby).<\/p>\n\n\n\n<p>2. \u017byczenie przed\u0142u\u017cenia o kolejn\u0105 dob\u0119 hotelow\u0105 Go\u015b\u0107 powinien zg\u0142osi\u0107 w recepcji do godz. 10:00 w dniu planowanego wymeldowania. Recepcja potwierdza mo\u017cliwo\u015b\u0107 w miar\u0119 dost\u0119pno\u015bci pokoi. W przypadku Go\u015bci nie przestrzegaj\u0105cych niniejszego regulaminu recepcja mo\u017ce odm\u00f3wi\u0107 wyd\u0142u\u017cenia pobytu.<\/p>\n\n\n\n<p>3. Aktualna oferta cenowa \u015bwiadczonych us\u0142ug noclegowych publikowana jest na stronie internetowej: www.zlotystaw.pl oraz dost\u0119pny jest w recepcji hotelu<\/p>\n\n\n\n<p>a. Ceny przedstawione w cenniku zawieraj\u0105 podatek VAT.<\/p>\n\n\n\n<p>b. Wysoko\u015b\u0107 ceny za pobyt w hotelu uzale\u017cniona jest od d\u0142ugo\u015bci pobytu, standardu i wielko\u015bci pokoju;<\/p>\n\n\n\n<p>c. Cena nie zawiera op\u0142aty klimatycznej;<\/p>\n\n\n\n<p>d. Cena przedstawione w cenniku mo\u017ce zosta\u0107 zmieniona o rabaty lub dop\u0142at\u0119 naliczon\u0105 przez administratora obiektu w ramach reklamacji, zniszczenia mienia przez Go\u015bci lub rabat\u00f3w preferencyjnych.<\/p>\n\n\n\n<p>4. Go\u015b\u0107 nie mo\u017ce przekazywa\u0107 pokoju osobom trzecim, nie zameldowanym w Z\u0142otym Stawie, nawet je\u015bli nie up\u0142yn\u0105\u0142 okres wynaj\u0119cia przez niego tego pokoju.<\/p>\n\n\n\n<p>5. Osoby nie zameldowane w Z\u0142otym Stawie przebywa\u0107 mog\u0105 w pokoju hotelowym jako Go\u015bcie os\u00f3b zameldowanych w Z\u0142otym Stawie, mi\u0119dzy godzin\u0105 11.00 a 22.00 po uprzednim poinformowaniu recepcji.<\/p>\n\n\n\n<p>6. W obiekcie obowi\u0105zuje cisza nocna od godz. 22:00 do godz. 7:00. Z\u0142oty Staw mo\u017ce odm\u00f3wi\u0107 dalszego \u015bwiadczenia us\u0142ug osobie, kt\u00f3ra narusza t\u0119 zasad\u0119.<\/p>\n\n\n\n<p>7. Go\u015b\u0107 ma obowi\u0105zek pozostawienia udost\u0119pnionego mu pokoju oraz udost\u0119pnionego wyposa\u017cenia w stanie niepogorszonym.<\/p>\n\n\n\n<p>8. Go\u015b\u0107 ponosi odpowiedzialno\u015b\u0107 materialn\u0105 za uszkodzenia, zniszczenia, zaistnia\u0142e na skutek jego zachowania lub zachowania podejmowanych przez niego Go\u015bci lub naruszenie bezpiecze\u0144stwa poprzez nieuzasadnione w\u0142\u0105czenie systemu przeciwpo\u017carowego \u2013 warto\u015b\u0107 materialn\u0105 okre\u015bla Dyrekcja hotelu.<\/p>\n\n\n\n<p>9. Dzieci do lat 13 mog\u0105 przebywa\u0107 na terenie Hotelu pod sta\u0142ym nadzorem opiekun\u00f3w prawnych.<\/p>\n\n\n\n<p>10. Ze wzgl\u0119du na bezpiecze\u0144stwo przeciwpo\u017carowe zabronione jest u\u017cywanie w pokojach grza\u0142ek i innych podobnych urz\u0105dze\u0144, nie stanowi\u0105cych wyposa\u017cenia pokoju hotelowego.<\/p>\n\n\n\n<p>11.&nbsp; Na terenie ca\u0142ego Hotelu obowi\u0105zuje ca\u0142kowity zakaz palenia tytoniu i innych substancji. Palenie tytoniu i wyrob\u00f3w tytoniowych jest mo\u017cliwe tylko i wy\u0142\u0105cznie w miejscach do tego wyznaczonych.<\/p>\n\n\n\n<p class=\"has-text-align-center\"><strong>\u00a7 3<\/strong><\/p>\n\n\n\n<p>1. W przypadku zastrze\u017ce\u0144 dotycz\u0105cych jako\u015bci us\u0142ug prosimy o bezzw\u0142oczne zawiadomienie recepcji.<\/p>\n\n\n\n<p>2. Na \u017cyczenie go\u015bcia hotel \u015bwiadczy nieodp\u0142atnie nast\u0119puj\u0105ce us\u0142ugi:<\/p>\n\n\n\n<p>a) udost\u0119pnianie \u017celazka i deski do prasowania w specjalnie wyznaczonej strefie (dotyczy pokoi, kt\u00f3re z tytu\u0142u okre\u015blonego standardu nie maj\u0105 na wyposa\u017ceniu \u017celazka i deski do prasowania).<\/p>\n\n\n\n<p>3. Przedmioty pozostawione w pokojach przez wyje\u017cd\u017caj\u0105cych Go\u015bci, na wniosek Go\u015bci b\u0119d\u0105 wysy\u0142ane na koszt odbiorcy na wskazany adres. W przypadku braku kontaktu ze strony Go\u015bcia w kwestii pozostawionych rzeczy, Z\u0142oty Staw przechowa przedmioty przez okres 1 miesi\u0119ca. Po up\u0142ywie tego czasu pozostawione przedmioty zostan\u0105 przekazane na cele charytatywne lub utylizowane.<\/p>\n\n\n\n<p>4. Z\u0142oty Staw jest ubezpieczony w zakresie okre\u015blonym odpowiednimi przepisami kodeksu cywilnego. Go\u015b\u0107 jest zobowi\u0105zany zawiadomi\u0107 recepcj\u0119 hotelow\u0105 o wyst\u0105pieniu szkody niezw\u0142ocznie po jej stwierdzeniu. Odpowiedzialno\u015b\u0107 z tytu\u0142u utraty lub uszkodzenia warto\u015bciowych przedmiot\u00f3w jest ograniczona, je\u017celi przedmioty te nie zostan\u0105 oddane w depozyt w recepcji. Odpowiedzialno\u015b\u0107 hotelu jest ograniczona r\u00f3wnie\u017c w przypadku, kiedy Go\u015b\u0107 nienale\u017cycie zabezpieczy\u0142 pok\u00f3j \u2013 nale\u017cy sprawdzi\u0107 zamkni\u0119cie pokoju po ka\u017cdym jego opuszczeniu.<\/p>\n\n\n\n<p>5. Z\u0142oty Staw ponosi odpowiedzialno\u015b\u0107 za utrat\u0119 lub uszkodzenie rzeczy wniesionych przez Go\u015bci korzystaj\u0105ce z jego us\u0142ug w zakresie okre\u015blonym przepisami kodeksu cywilnego.<\/p>\n\n\n\n<p>6. Wybrane obszary obiektu s\u0105 monitorowane.<\/p>\n\n\n\n<p>7. Z\u0142oty Staw mo\u017ce odm\u00f3wi\u0107 przyj\u0119cia Go\u015bcia, kt\u00f3ry podczas poprzedniego pobytu ra\u017c\u0105co naruszy\u0142 regulamin hotelowy.<\/p>\n\n\n\n<p class=\"has-text-align-center\"><strong>\u00a7 4<\/strong><\/p>\n\n\n\n<p>1. Go\u015bcie maj\u0105 prawo do sk\u0142adania reklamacji w przypadku zauwa\u017cenia uchybie\u0144 w jako\u015bci \u015bwiadczonych przez Hotel us\u0142ug.<\/p>\n\n\n\n<p>2. Wszelkie reklamacje przyjmuje Recepcja Hotelu lub mog\u0105 zosta\u0107 one przes\u0142ane na adres poczty elektronicznej biuro@zlotystaw.pl.<\/p>\n\n\n\n<p>3. &nbsp; &nbsp; Reklamacja powinna by\u0107 z\u0142o\u017cona przez Go\u015bcia niezw\u0142ocznie po zauwa\u017ceniu uchybie\u0144 w standardzie \u015bwiadczonych przez Hotel us\u0142ug w formie pisemnej (nie p\u00f3\u017aniej ni\u017c 7 dni od jej zaistnienia).<\/p>\n\n\n\n<p>4. &nbsp; &nbsp; Reklamacje rozpoznawane b\u0119d\u0105 zgodnie z obowi\u0105zuj\u0105cymi przepisami prawa.<\/p>\n\n\n\n<p class=\"has-text-align-center\"><strong>\u00a7 5<\/strong><\/p>\n\n\n\n<p>1. Go\u015b\u0107 wyra\u017ca zgod\u0119 na przechowywanie i przetwarzanie jego danych osobowych koniecznych do wykonania us\u0142ugi hotelowej.<\/p>\n\n\n\n<p>2. Go\u015b\u0107 w ka\u017cdym czasie posiada prawo dost\u0119pu do tre\u015bci swoich danych oraz ich poprawiania zmiany i usuwania.<\/p>\n\n\n\n<p>5. Dane osobowe przechowywane s\u0105 i przetwarzane przez Z\u0142oty Staw na zasadach okre\u015blonych w Rozporz\u0105dzeniu Parlamentu Europejskiego i Rady (UE) 2016\/679 z dnia 27 kwietnia 2016 r. \u2013 RODO oraz w Polityce prywatno\u015bci zamieszczonej na stronie internetowej.<\/p>\n\n\n\n<p>6. Podanie danych osobowych przez Go\u015bcia jest ca\u0142kowicie dobrowolne, ale konieczne do dokonania rezerwacji lub zakupu us\u0142ugi hotelowej lub subskrypcji Newslettera.<\/p>\n\n\n\n<p>7. Korzystaj\u0105c w jakikolwiek spos\u00f3b z us\u0142ug \u015bwiadczonych przez Artus Resort, Go\u015b\u0107 akceptuje zasady zawarte w Polityce prywatno\u015bci opublikowane w serwisie <a href=\"https:\/\/www.zlotystaw.pl\">https:\/\/www.zlotystaw.pl<\/a>&nbsp;<\/p>\n\n\n\n<p class=\"has-text-align-center\"><strong>\u00a7 7<\/strong><\/p>\n\n\n\n<p>1. W sprawach nieuregulowanych niniejszym regulaminem stosuje si\u0119 przepisy ustawy z dnia 23 kwietnia 1964 r. Kodeks cywilny (tekst jedn. Dz. U. z 2016 r. poz. 380 ze zm.)<\/p>\n\n\n\n<p>Dzi\u0119kujemy za stosowanie si\u0119 do zasad okre\u015blonych niniejszym regulaminem, maj\u0105cych na celu komfort pobytu i bezpiecze\u0144stwo naszych Go\u015bci.<\/p>\n\n\n\n<p><strong>ZASADY REZERWACJI<\/strong><strong>&nbsp;<\/strong><\/p>\n\n\n\n<p>1. Numer rezerwacji.<\/p>\n\n\n\n<p>2. Dane Us\u0142ugodawcy: Z\u0142oty Staw<\/p>\n\n\n\n<p>Z\u0142oty Staw Sp. z o. o, ul. Akacjowa 23C 80-180 Gda\u0144sk-Borkowo, NIP: 5851494772, REGON: 389941965 zarejestrowana przez S\u0105d Rejonowy Gda\u0144sk-P\u00f3\u0142noc w Gda\u0144sku, VIII wydzia\u0142 gospodarczy krajowego rejestru s\u0105dowego.<\/p>\n\n\n\n<p>3. Nazwisko i imi\u0119 Us\u0142ugobiorcy.<\/p>\n\n\n\n<p>4. Dane kontaktowe Us\u0142ugobiorcy (adres email, numer telefonu).<\/p>\n\n\n\n<p>5. D\u0142ugo\u015b\u0107 pobytu oraz ilo\u015b\u0107 i rodzaj pokoi.<\/p>\n\n\n\n<p>6. Cena oferty pobytu: (z wyszczeg\u00f3lnieniem zawartych w cenie us\u0142ug) Ceny przedstawione przez Us\u0142ugodawc\u0119 stanowi\u0105 sum\u0119 ceny za pok\u00f3j i ilo\u015bci nocy i liczby os\u00f3b korzystaj\u0105cych<\/p>\n\n\n\n<p>z us\u0142ugi hotelowej i zawieraj\u0105 podatek VAT. Mog\u0105 obejmowa\u0107 r\u00f3wnie\u017c inne \u015bwiadczenia, wyszczeg\u00f3lnione w opisie ceny oferty. Je\u015bli jaka\u015b oferta obejmuje \u015bniadanie, obiadokolacje lub obejmuje inne dodatkowe us\u0142ugi, to taka informacja jest podana przez Us\u0142ugodawc\u0119. Za us\u0142ugi nieobj\u0119te zam\u00f3wieniem (np. dodatkowe noclegi, zabiegi itp.) nale\u017cno\u015b\u0107 musi zosta\u0107 uregulowana na miejscu przez Us\u0142ugobiorc\u0119.<\/p>\n\n\n\n<p>8.Potwierdzeniem rezerwacji jest wp\u0142ata zadatku w wysoko\u015bci minimum 30% warto\u015bci przewidywanego kosztu pobytu.<\/p>\n\n\n\n<p>9. Rezerwacj\u0119 nale\u017cy potwierdzi\u0107 wp\u0142at\u0105 zadatku, brak wp\u0142aty spowoduje anulowanie rezerwacji. Numer konta bankowego na kt\u00f3re nale\u017cy ui\u015bci\u0107 zadatek za pobyt w Z\u0142otym Stawie, us\u0142ugobiorca otrzymuje droga elektroniczn\u0105 wraz z potwierdzeniem rezerwacji.<\/p>\n\n\n\n<p>10. Za skutki wynik\u0142e z podania nieprawid\u0142owych danych przez Us\u0142ugobiorc\u0119 odpowiedzialno\u015b\u0107 ponosi Us\u0142ugobiorca.<\/p>\n\n\n\n<p>11. W przypadku b\u0142\u0119dnie skalkulowanej oferty, hotel ma prawo do jej korekty w przeci\u0105gu 24 godzin, jednocze\u015bnie nie p\u00f3\u017aniej ni\u017c na 48 godzin przed planowanym przybyciem Go\u015bcia.<\/p>\n\n\n\n<p><strong>SPOS\u00d3B ZAP\u0141ATY<\/strong><\/p>\n\n\n\n<p>1. P\u0142atno\u015bci realizowane s\u0105 bezpo\u015brednio w trakcie procesu rezerwacji online lub dokonywane p\u00f3\u017aniej na rachunek bankowy. Rezerwacja uwa\u017cana jest za dokonan\u0105, wy\u0142\u0105cznie po wp\u0142aceniu zadatku w wysoko\u015bci wskazanej w pkt 8 powy\u017cej.<\/p>\n\n\n\n<p>2. Autoryzacj\u0119 kart kredytowych oraz rozliczenie p\u0142atno\u015bci udost\u0119pnione na stronie Z\u0142oty Staw: https:\/\/www.zlotystaw.pl\/ obs\u0142uguje podmiot zewn\u0119trzny poprzez bezpo\u015brednie po\u0142\u0105czenie z serwerem operatora rozliczeniowego Przelewy24.pl (PayPro S.A. ul. Pastelowa 8, 60-198 Pozna\u0144, Polska).<\/p>\n\n\n\n<p><strong>ODST\u0104PIENIE OD UMOWY<\/strong><\/p>\n\n\n\n<p>1.Us\u0142ugobiorcy nie przys\u0142uguje prawo do odst\u0105pienia od umowy rezerwacji us\u0142ugi hotelowej, zgodnie z art. 38 pkt 12 Ustawy o Prawach Konsumenta.<\/p>\n\n\n\n<p><strong>&nbsp;<\/strong>&nbsp;<strong>ANULOWANIE REZERWACJI<\/strong><\/p>\n\n\n\n<p>1. W celu zmiany dokonanej rezerwacji nale\u017cy skontaktowa\u0107 si\u0119 z recepcj\u0105 obiektu telefonicznie 506 \u2026. lub poprzez adres e-mail: biuro@zlotystaw.pl<\/p>\n\n\n\n<p>2. Zmiana terminu rezerwacji jest jednoznaczna z odst\u0105pieniem od warunk\u00f3w umowy rezerwacyjnej i wi\u0105\u017ce si\u0119 z przepadkiem zadatku. &nbsp;<\/p>\n\n\n\n<p>3. Skr\u00f3cenie pobytu jest traktowane jak rezygnacja i wi\u0105\u017ce si\u0119 z uregulowaniem nale\u017cno\u015bci za ca\u0142y deklarowany czas pobytu.<\/p>\n\n\n\n<p><strong>REKLAMACJE<\/strong><\/p>\n\n\n\n<p>1. Reklamacj\u0119 Us\u0142ugobiorca mo\u017cna przesy\u0142a\u0107 na adres e-mail: biuro@zlotystaw.pl; b\u0105d\u017a pisemnie na adres Us\u0142ugodawcy.<\/p>\n\n\n\n<p>2. Reklamacj\u0119 nale\u017cy sk\u0142ada\u0107 nie p\u00f3\u017aniej ni\u017c w ci\u0105gu 7 dni od dnia, kiedy wyst\u0105pi\u0142a przyczyna reklamacji.<\/p>\n\n\n\n<p>3. Ka\u017cda reklamacja winna zawiera\u0107 kr\u00f3tki opis problemu b\u0119d\u0105cego podstawa z\u0142o\u017cenia reklamacji, dat\u0119 i godzin\u0119 jego wyst\u0105pienia oraz oznaczenie Us\u0142ugobiorcy.<\/p>\n\n\n\n<p>4. Us\u0142ugodawca do\u0142o\u017cy najwy\u017cszych stara\u0144, aby reklamacje by\u0142y rozpatrzone w terminie 30 dni od dnia ich otrzymania przez Us\u0142ugodawc\u0119. O wyniku rozpatrzenia reklamacji Us\u0142ugobiorca zostanie niezw\u0142ocznie poinformowany za po\u015brednictwem poczty e-mail na adres podany w zg\u0142oszeniu reklamacji. Wszelkie spory mog\u0105ce wynikn\u0105\u0107 w zwi\u0105zku z niniejsz\u0105 Umow\u0105 b\u0119d\u0105 rozstrzygane przez w\u0142a\u015bciwe s\u0105dy powszechne.<\/p>\n\n\n\n<p><strong>DANE OSOBOWE<\/strong><\/p>\n\n\n\n<p>Informujemy, \u017ce administratorem Pana\/Pani danych osobowych jest przedsi\u0119biorstwo Z\u0142oty Staw Sp. z o. o, ul. Akacjowa 23C 80-180 Gda\u0144sk-Borkowo, NIP: 5851494772, REGON: 389941965 zarejestrowane przez S\u0105d Rejonowy Gda\u0144sk-P\u00f3\u0142noc w Gda\u0144sku, VIII wydzia\u0142 gospodarczy krajowego rejestru s\u0105dowego, zwany dalej \u201cZ\u0142otym Stawem\u201d., kt\u00f3re przetwarza Pana\/Pani dane osobowe \u2014 w r\u00f3\u017cnych celach, jednak zawsze zgodnie z prawem \u2013 w oparciu o przepisy Rozporz\u0105dzeniem Parlamentu Europejskiego i Rady (UE) 2016\/679 z dnia 27 kwietnia 2016 r. \u2013 RODO. Dane osobowe b\u0119d\u0105 wykorzystywane zgodnie z nasz\u0105 Polityk\u0105 Prywatno\u015bci, z kt\u00f3ra znajduje si\u0119 na stronie zlotystaw.pl<\/p>\n","protected":false},"excerpt":{"rendered":"\u00a7 1 1. Administratorem obiektu hotelowego jest przedsi\u0119biorstwo Z\u0142oty Staw Sp. z o. o, ul. Akacjowa 23C 80-180 Gda\u0144sk-Borkowo, NIP: 5851494772, REGON: 389941965 zarejestrowana przez S\u0105d Rejonowy Gda\u0144sk-P\u00f3\u0142noc w Gda\u0144sku, VIII wydzia\u0142 gospodarczy krajowego rejestru s\u0105dowego, zwany dalej \u201cZ\u0142otym Stawem\u201d. 2. Regulamin stanowi zasady wynaj\u0119cia pokoi i korzystania z infrastruktury hotelowej. 3. Z\u0142oty Staw \u015bwiadczy [&hellip;]","protected":false},"author":1,"featured_media":0,"parent":0,"menu_order":0,"comment_status":"closed","ping_status":"closed","template":"","meta":{"_acf_changed":false,"inline_featured_image":false,"_uag_custom_page_level_css":"","footnotes":""},"class_list":["post-48390","page","type-page","status-publish","hentry"],"acf":[],"uagb_featured_image_src":{"full":false,"thumbnail":false,"medium":false,"medium_large":false,"large":false,"1536x1536":false,"2048x2048":false,"gallery-thumb":false},"uagb_author_info":{"display_name":"zlotystaw","author_link":"https:\/\/zlotystaw.pl\/en\/author\/zlotystaw\/"},"uagb_comment_info":0,"uagb_excerpt":"\u00a7 1 1. Administratorem obiektu hotelowego jest przedsi\u0119biorstwo Z\u0142oty Staw Sp. z o. o, ul. Akacjowa 23C 80-180 Gda\u0144sk-Borkowo, NIP: 5851494772, REGON: 389941965 zarejestrowana przez S\u0105d Rejonowy Gda\u0144sk-P\u00f3\u0142noc w Gda\u0144sku, VIII wydzia\u0142 gospodarczy krajowego rejestru s\u0105dowego, zwany dalej \u201cZ\u0142otym Stawem\u201d. 2. Regulamin stanowi zasady wynaj\u0119cia pokoi i korzystania z infrastruktury hotelowej. 3. Z\u0142oty Staw \u015bwiadczy&hellip;","_links":{"self":[{"href":"https:\/\/zlotystaw.pl\/en\/wp-json\/wp\/v2\/pages\/48390","targetHints":{"allow":["GET"]}}],"collection":[{"href":"https:\/\/zlotystaw.pl\/en\/wp-json\/wp\/v2\/pages"}],"about":[{"href":"https:\/\/zlotystaw.pl\/en\/wp-json\/wp\/v2\/types\/page"}],"author":[{"embeddable":true,"href":"https:\/\/zlotystaw.pl\/en\/wp-json\/wp\/v2\/users\/1"}],"replies":[{"embeddable":true,"href":"https:\/\/zlotystaw.pl\/en\/wp-json\/wp\/v2\/comments?post=48390"}],"version-history":[{"count":1,"href":"https:\/\/zlotystaw.pl\/en\/wp-json\/wp\/v2\/pages\/48390\/revisions"}],"predecessor-version":[{"id":49460,"href":"https:\/\/zlotystaw.pl\/en\/wp-json\/wp\/v2\/pages\/48390\/revisions\/49460"}],"wp:attachment":[{"href":"https:\/\/zlotystaw.pl\/en\/wp-json\/wp\/v2\/media?parent=48390"}],"curies":[{"name":"wp","href":"https:\/\/api.w.org\/{rel}","templated":true}]}}